{"id":16,"date":"2010-12-06T09:15:40","date_gmt":"2010-12-06T09:15:40","guid":{"rendered":"http:\/\/osteopathie-hochdahl.de\/wordpress"},"modified":"2022-10-04T06:37:13","modified_gmt":"2022-10-04T06:37:13","slug":"ron-webb-d-o","status":"publish","type":"page","link":"https:\/\/www.osteopathie-ronwebb-hilden.de\/en\/ron-webb-d-o","title":{"rendered":"Ron Webb D.O."},"content":{"rendered":"<h1>Ron Webb D.O.<\/h1>\n<p><img class=\"bild\" title=\"ron_2\" src=\"http:\/\/osteopathie-hochdahl.de\/wp-content\/uploads\/2010\/12\/ron_22-220x300.jpg\" alt=\"\" \/><\/p>\n<table style=\"width: 250px;\" border=\"0\">\n<tbody>\n<tr valign=\"top\">\n<td><\/td>\n<td>Ronald G. Webb,<br \/>\ngeb. 6.11.1962 in Buffalo, NY, USA<\/td>\n<\/tr>\n<tr>\n<td><\/td>\n<td><\/td>\n<\/tr>\n<tr>\n<td><\/td>\n<td><\/td>\n<\/tr>\n<tr>\n<td><\/td>\n<td><\/td>\n<\/tr>\n<tr>\n<td><\/td>\n<td><\/td>\n<\/tr>\n<tr valign=\"top\">\n<td><\/td>\n<td><strong>Qualifikationen<\/strong><\/td>\n<\/tr>\n<tr valign=\"top\">\n<td style=\"width: 60px;\">1991 &#8211; 1994<\/td>\n<td>Ausbildung zum Physiotherapeuten an der Schule f\u00fcr Physiotherapie ander Universit\u00e4t D\u00fcsseldorf<\/td>\n<\/tr>\n<tr valign=\"top\">\n<td>1994 &#8211; 1996<\/td>\n<td>angestellter<\/p>\n<p>Physiotherapeut in der Reha D\u00fcsseldorf GmbH<\/td>\n<\/tr>\n<tr valign=\"top\">\n<td>1996<\/td>\n<td>Gr\u00fcndung der Praxis ars movendi, Praxis f\u00fcr Krankengymnastik u. physikalische Therapie, Webb &amp; Partner<\/td>\n<\/tr>\n<\/tbody>\n<\/table>\n<table style=\"width: 500px; height: 220px;\" border=\"0\" cellspacing=\"5\">\n<tbody>\n<tr>\n<td style=\"width: 100px;\" valign=\"top\">1991 &#8211; 1994<\/td>\n<td valign=\"top\">Ausbildungzum Physiotherapeuten an der Schule f\u00fcr Physiotherapie an der Universit\u00e4t D\u00fcsseldorf<\/td>\n<\/tr>\n<tr>\n<td valign=\"top\">1994 &#8211; 1996<\/td>\n<td valign=\"top\">angestellter Physiotherapeut in der Reha D\u00fcsseldorf GmbH<\/td>\n<\/tr>\n<tr>\n<td valign=\"top\">1996<\/td>\n<td valign=\"top\">Gr\u00fcndung der Praxis ars movendi, Praxis f\u00fcr Krankengymnastik u. physikalische Therapie, Webb &amp; Partner<\/td>\n<\/tr>\n<tr>\n<td valign=\"top\">1998<\/td>\n<td valign=\"top\">Zertifikatspr\u00fcfung Manuelle Therapie<\/td>\n<\/tr>\n<tr>\n<td valign=\"top\">1999 &#8211; 2004<\/td>\n<td valign=\"top\">Ausbildung zum Osteopathen am Institut f\u00fcr angewandte Osteopathie (IFAO) in D\u00fcsseldorf mit Abschlussexamen und Diplom<\/td>\n<\/tr>\n<tr>\n<td valign=\"top\">2005<\/td>\n<td valign=\"top\">Mitglied im V.O.D. (Verband der Osteopathen Deutschland)<\/td>\n<\/tr>\n<tr>\n<td valign=\"top\">2005<\/td>\n<td valign=\"top\">Dozent am Institut f\u00fcr angewandte Osteopathie (IFAO)<\/td>\n<\/tr>\n<tr>\n<td valign=\"top\">2009<\/td>\n<td valign=\"top\">Heilpraktikerpr\u00fcfung, Gesundheitsamt<\/td>\n<\/tr>\n<tr>\n<td valign=\"top\">2009<\/td>\n<td valign=\"top\">Er\u00f6ffnung der Praxis f\u00fcr Osteopathie, Trills 17 in Erkrath-Hochdahl<\/td>\n<\/tr>\n<tr>\n<td valign=\"top\">2009<\/td>\n<td valign=\"top\">Metabolic Balance Betreuer<\/td>\n<\/tr>\n<\/tbody>\n<\/table>\n","protected":false},"excerpt":{"rendered":"<p>Ron Webb D.O. Ronald G. Webb, geb. 6.11.1962 in Buffalo, NY, USA Qualifikationen 1991 &#8211; 1994 Ausbildung zum Physiotherapeuten an der Schule f\u00fcr Physiotherapie ander Universit\u00e4t D\u00fcsseldorf 1994 &#8211; 1996 angestellter Physiotherapeut in der Reha D\u00fcsseldorf GmbH 1996 Gr\u00fcndung der Praxis ars movendi, Praxis f\u00fcr Krankengymnastik u. physikalische Therapie, Webb &amp; Partner 1991 &#8211; 1994 [&hellip;]<\/p>\n","protected":false},"author":1,"featured_media":0,"parent":0,"menu_order":5,"comment_status":"closed","ping_status":"closed","template":"","meta":[],"_links":{"self":[{"href":"https:\/\/www.osteopathie-ronwebb-hilden.de\/wp-json\/wp\/v2\/pages\/16"}],"collection":[{"href":"https:\/\/www.osteopathie-ronwebb-hilden.de\/wp-json\/wp\/v2\/pages"}],"about":[{"href":"https:\/\/www.osteopathie-ronwebb-hilden.de\/wp-json\/wp\/v2\/types\/page"}],"author":[{"embeddable":true,"href":"https:\/\/www.osteopathie-ronwebb-hilden.de\/wp-json\/wp\/v2\/users\/1"}],"replies":[{"embeddable":true,"href":"https:\/\/www.osteopathie-ronwebb-hilden.de\/wp-json\/wp\/v2\/comments?post=16"}],"version-history":[{"count":58,"href":"https:\/\/www.osteopathie-ronwebb-hilden.de\/wp-json\/wp\/v2\/pages\/16\/revisions"}],"predecessor-version":[{"id":806,"href":"https:\/\/www.osteopathie-ronwebb-hilden.de\/wp-json\/wp\/v2\/pages\/16\/revisions\/806"}],"wp:attachment":[{"href":"https:\/\/www.osteopathie-ronwebb-hilden.de\/wp-json\/wp\/v2\/media?parent=16"}],"curies":[{"name":"wp","href":"https:\/\/api.w.org\/{rel}","templated":true}]}}